{"id":176,"date":"2019-02-12T07:31:16","date_gmt":"2019-02-12T13:31:16","guid":{"rendered":"https:\/\/tecnides.com\/?page_id=176"},"modified":"2019-04-07T19:48:12","modified_gmt":"2019-04-08T01:48:12","slug":"page-proyectos-bi","status":"publish","type":"page","link":"https:\/\/tecnides.com\/?page_id=176","title":{"rendered":"Proyectos BI"},"content":{"rendered":"\t\t<div data-elementor-type=\"wp-post\" data-elementor-id=\"176\" class=\"elementor elementor-176\" data-elementor-post-type=\"page\">\n\t\t\t\t\t\t\t\t\t<div class=\"elementor-section elementor-top-section elementor-element elementor-element-26fcb97 elementor-section-stretched elementor-section-content-middle elementor-section-boxed elementor-section-height-default elementor-section-height-default\" data-id=\"26fcb97\" data-element_type=\"section\" data-settings=\"{&quot;stretch_section&quot;:&quot;section-stretched&quot;,&quot;background_background&quot;:&quot;classic&quot;}\">\n\t\t\t\t\t\t<div class=\"elementor-container elementor-column-gap-no\">\n\t\t\t\t\t<div class=\"elementor-column elementor-col-100 elementor-top-column elementor-element elementor-element-e8aeef6\" data-id=\"e8aeef6\" data-element_type=\"column\">\n\t\t\t<div class=\"elementor-widget-wrap elementor-element-populated\">\n\t\t\t\t\t\t\t\t<div class=\"elementor-element elementor-element-8232695 elementor-widget elementor-widget-heading\" data-id=\"8232695\" data-element_type=\"widget\" data-widget_type=\"heading.default\">\n\t\t\t\t<div class=\"elementor-widget-container\">\n\t\t\t<h2 class=\"elementor-heading-title elementor-size-default\">Proyectos BI<\/h2>\t\t<\/div>\n\t\t\t\t<\/div>\n\t\t\t\t<div class=\"elementor-element elementor-element-e0101b0 elementor-widget elementor-widget-text-editor\" data-id=\"e0101b0\" data-element_type=\"widget\" data-widget_type=\"text-editor.default\">\n\t\t\t\t<div class=\"elementor-widget-container\">\n\t\t\t\t\t\t\t<p>En Tecnides hemos trabajado en varios proyectos de Inteligencia de Negocio (BI)\u00a0con diversas herramientas tecnol\u00f3gicas y bases de datos<\/p>\t\t\t\t\t\t<\/div>\n\t\t\t\t<\/div>\n\t\t\t\t\t<\/div>\n\t\t<\/div>\n\t\t\t\t\t\t\t<\/div>\n\t\t<\/div>\n\t\t\t\t<div class=\"elementor-section elementor-top-section elementor-element elementor-element-7959307 elementor-section-stretched elementor-section-boxed elementor-section-height-default elementor-section-height-default\" data-id=\"7959307\" data-element_type=\"section\" data-settings=\"{&quot;stretch_section&quot;:&quot;section-stretched&quot;}\">\n\t\t\t\t\t\t<div class=\"elementor-container elementor-column-gap-no\">\n\t\t\t\t\t<div class=\"elementor-column elementor-col-100 elementor-top-column elementor-element elementor-element-7d568e6\" data-id=\"7d568e6\" data-element_type=\"column\" data-settings=\"{&quot;background_background&quot;:&quot;classic&quot;}\">\n\t\t\t<div class=\"elementor-widget-wrap elementor-element-populated\">\n\t\t\t\t\t\t\t\t<div class=\"elementor-section elementor-inner-section elementor-element elementor-element-9615e85 elementor-section-full_width elementor-section-height-default elementor-section-height-default\" data-id=\"9615e85\" data-element_type=\"section\">\n\t\t\t\t\t\t<div class=\"elementor-container elementor-column-gap-no\">\n\t\t\t\t\t<div class=\"elementor-column elementor-col-50 elementor-inner-column elementor-element elementor-element-3505807\" data-id=\"3505807\" data-element_type=\"column\">\n\t\t\t<div class=\"elementor-widget-wrap elementor-element-populated\">\n\t\t\t\t\t\t\t\t<div class=\"elementor-element elementor-element-3d8ca3c elementor-widget elementor-widget-image\" data-id=\"3d8ca3c\" data-element_type=\"widget\" data-widget_type=\"image.default\">\n\t\t\t\t<div class=\"elementor-widget-container\">\n\t\t\t\t\t\t\t\t\t\t\t\t\t\t\t<img decoding=\"async\" loading=\"lazy\" width=\"640\" height=\"426\" src=\"https:\/\/tecnides.com\/wp-content\/uploads\/2019\/04\/BI.jpg\" class=\"attachment-large size-large wp-image-557\" alt=\"\" srcset=\"https:\/\/tecnides.com\/wp-content\/uploads\/2019\/04\/BI.jpg 788w, https:\/\/tecnides.com\/wp-content\/uploads\/2019\/04\/BI-630x420.jpg 630w, https:\/\/tecnides.com\/wp-content\/uploads\/2019\/04\/BI-768x512.jpg 768w\" sizes=\"(max-width: 640px) 100vw, 640px\" \/>\t\t\t\t\t\t\t\t\t\t\t\t\t\t\t<\/div>\n\t\t\t\t<\/div>\n\t\t\t\t\t<\/div>\n\t\t<\/div>\n\t\t\t\t<div class=\"elementor-column elementor-col-50 elementor-inner-column elementor-element elementor-element-ef0dd0c\" data-id=\"ef0dd0c\" data-element_type=\"column\" data-settings=\"{&quot;background_background&quot;:&quot;classic&quot;}\">\n\t\t\t<div class=\"elementor-widget-wrap elementor-element-populated\">\n\t\t\t\t\t\t\t\t<div class=\"elementor-element elementor-element-a3ff0d7 elementor-invisible elementor-widget elementor-widget-heading\" data-id=\"a3ff0d7\" data-element_type=\"widget\" data-settings=\"{&quot;_animation&quot;:&quot;fadeInUp&quot;}\" data-widget_type=\"heading.default\">\n\t\t\t\t<div class=\"elementor-widget-container\">\n\t\t\t<h2 class=\"elementor-heading-title elementor-size-default\">Herramientas OLAP - ETL<\/h2>\t\t<\/div>\n\t\t\t\t<\/div>\n\t\t\t\t<div class=\"elementor-element elementor-element-0bb16aa elementor-widget elementor-widget-text-editor\" data-id=\"0bb16aa\" data-element_type=\"widget\" data-widget_type=\"text-editor.default\">\n\t\t\t\t<div class=\"elementor-widget-container\">\n\t\t\t\t\t\t\t<div>\u2022 QlikView\u00a0\u2022 Cognos\u00a0\u2022 SAS\u00a0\u2022 Sagent\u00a0\u2022 MDX\u00a0\u2022 Hyperion\u00a0\u2022 Informatica<\/div>\t\t\t\t\t\t<\/div>\n\t\t\t\t<\/div>\n\t\t\t\t<div class=\"elementor-element elementor-element-50b5954 elementor-widget elementor-widget-heading\" data-id=\"50b5954\" data-element_type=\"widget\" data-widget_type=\"heading.default\">\n\t\t\t\t<div class=\"elementor-widget-container\">\n\t\t\t<h2 class=\"elementor-heading-title elementor-size-default\">Bases de datos Transaccionales<\/h2>\t\t<\/div>\n\t\t\t\t<\/div>\n\t\t\t\t<div class=\"elementor-element elementor-element-5e9d5d5 elementor-widget elementor-widget-text-editor\" data-id=\"5e9d5d5\" data-element_type=\"widget\" data-widget_type=\"text-editor.default\">\n\t\t\t\t<div class=\"elementor-widget-container\">\n\t\t\t\t\t\t\t<div>\u2022 Sybase\u00a0\u2022 AS400\u00a0\u2022 SQL Server\u00a0\u2022 ORACLE<\/div>\t\t\t\t\t\t<\/div>\n\t\t\t\t<\/div>\n\t\t\t\t<div class=\"elementor-element elementor-element-c6cb0a6 elementor-widget elementor-widget-heading\" data-id=\"c6cb0a6\" data-element_type=\"widget\" data-widget_type=\"heading.default\">\n\t\t\t\t<div class=\"elementor-widget-container\">\n\t\t\t<h2 class=\"elementor-heading-title elementor-size-default\">Bases de datos Multidimencionales<\/h2>\t\t<\/div>\n\t\t\t\t<\/div>\n\t\t\t\t<div class=\"elementor-element elementor-element-f9fa0a1 elementor-widget elementor-widget-text-editor\" data-id=\"f9fa0a1\" data-element_type=\"widget\" data-widget_type=\"text-editor.default\">\n\t\t\t\t<div class=\"elementor-widget-container\">\n\t\t\t\t\t\t\t<p>\u2022Redbrickde IBM<\/p>\t\t\t\t\t\t<\/div>\n\t\t\t\t<\/div>\n\t\t\t\t\t<\/div>\n\t\t<\/div>\n\t\t\t\t\t\t\t<\/div>\n\t\t<\/div>\n\t\t\t\t<div class=\"elementor-element elementor-element-ce71a70 elementor-tabs-view-horizontal elementor-widget elementor-widget-tabs\" data-id=\"ce71a70\" data-element_type=\"widget\" data-widget_type=\"tabs.default\">\n\t\t\t\t<div class=\"elementor-widget-container\">\n\t\t\t\t\t<div class=\"elementor-tabs\">\n\t\t\t<div class=\"elementor-tabs-wrapper\" role=\"tablist\" >\n\t\t\t\t\t\t\t\t\t<div id=\"elementor-tab-title-2161\" class=\"elementor-tab-title elementor-tab-desktop-title\" aria-selected=\"true\" data-tab=\"1\" role=\"tab\" tabindex=\"0\" aria-controls=\"elementor-tab-content-2161\" aria-expanded=\"false\">SAT<\/div>\n\t\t\t\t\t\t\t\t\t<div id=\"elementor-tab-title-2162\" class=\"elementor-tab-title elementor-tab-desktop-title\" aria-selected=\"false\" data-tab=\"2\" role=\"tab\" tabindex=\"-1\" aria-controls=\"elementor-tab-content-2162\" aria-expanded=\"false\">JAFRA<\/div>\n\t\t\t\t\t\t\t\t\t<div id=\"elementor-tab-title-2163\" class=\"elementor-tab-title elementor-tab-desktop-title\" aria-selected=\"false\" data-tab=\"3\" role=\"tab\" tabindex=\"-1\" aria-controls=\"elementor-tab-content-2163\" aria-expanded=\"false\">Grupo ELEKTRA<\/div>\n\t\t\t\t\t\t\t\t\t<div id=\"elementor-tab-title-2164\" class=\"elementor-tab-title elementor-tab-desktop-title\" aria-selected=\"false\" data-tab=\"4\" role=\"tab\" tabindex=\"-1\" aria-controls=\"elementor-tab-content-2164\" aria-expanded=\"false\">FULLER<\/div>\n\t\t\t\t\t\t\t\t\t<div id=\"elementor-tab-title-2165\" class=\"elementor-tab-title elementor-tab-desktop-title\" aria-selected=\"false\" data-tab=\"5\" role=\"tab\" tabindex=\"-1\" aria-controls=\"elementor-tab-content-2165\" aria-expanded=\"false\">CONSAR<\/div>\n\t\t\t\t\t\t\t\t\t<div id=\"elementor-tab-title-2166\" class=\"elementor-tab-title elementor-tab-desktop-title\" aria-selected=\"false\" data-tab=\"6\" role=\"tab\" tabindex=\"-1\" aria-controls=\"elementor-tab-content-2166\" aria-expanded=\"false\">IXE Banco<\/div>\n\t\t\t\t\t\t\t\t\t<div id=\"elementor-tab-title-2167\" class=\"elementor-tab-title elementor-tab-desktop-title\" aria-selected=\"false\" data-tab=\"7\" role=\"tab\" tabindex=\"-1\" aria-controls=\"elementor-tab-content-2167\" aria-expanded=\"false\">GNP Seguros<\/div>\n\t\t\t\t\t\t\t<\/div>\n\t\t\t<div class=\"elementor-tabs-content-wrapper\" role=\"tablist\" aria-orientation=\"vertical\">\n\t\t\t\t\t\t\t\t\t<div class=\"elementor-tab-title elementor-tab-mobile-title\" aria-selected=\"true\" data-tab=\"1\" role=\"tab\" tabindex=\"0\" aria-controls=\"elementor-tab-content-2161\" aria-expanded=\"false\">SAT<\/div>\n\t\t\t\t\t<div id=\"elementor-tab-content-2161\" class=\"elementor-tab-content elementor-clearfix\" data-tab=\"1\" role=\"tabpanel\" aria-labelledby=\"elementor-tab-title-2161\" tabindex=\"0\" hidden=\"false\"><h2><img decoding=\"async\" loading=\"lazy\" class=\"alignleft size-full wp-image-596\" src=\"http:\/\/tecnides.com\/wp-content\/uploads\/2019\/04\/BI-SAT.png\" alt=\"\" width=\"124\" height=\"105\" \/>Consultor\u00eda, administraci\u00f3n de la herramienta, mantenimiento de aplicaciones y asessment.<\/h2><p>\u00a0<\/p><hr \/><ul><li class=\"O0\"><strong>Plataforma de Inteligencia Anal\u00edtica para el Contribuyente<\/strong><ul><li class=\"O0\">Ficha del Contribuyente<\/li><li class=\"O0\">Redes Comerciales<\/li><\/ul><\/li><li class=\"O0\"><strong>Indicadores<\/strong><ul><li class=\"O0\">Plataforma de Inteligencia Anal\u00edtica de Fiscalizaci\u00f3n<\/li><\/ul><\/li><li class=\"O0\"><strong>Herramienta OLAP<\/strong><ul><li class=\"O0\">QlikView<\/li><\/ul><\/li><li class=\"O0\"><strong>Bases de Datos<\/strong><ul><li class=\"O0\">Oracle<\/li><\/ul><\/li><\/ul><hr \/><h2><img decoding=\"async\" loading=\"lazy\" class=\"alignleft size-full wp-image-596\" src=\"http:\/\/tecnides.com\/wp-content\/uploads\/2019\/04\/BI-SAT.png\" alt=\"\" width=\"124\" height=\"105\" \/>Instalaci\u00f3n de ambientes no productivos de la aplicaci\u00f3n Hyperion de Oracle<\/h2><p>\u00a0<\/p><hr \/><ul><li>Aplicaci\u00f3n<ul><li>Oracle Hyperion<\/li><\/ul><\/li><li>Bases de Datos<ul><li>Oracle 11 g<\/li><\/ul><\/li><\/ul><\/div>\n\t\t\t\t\t\t\t\t\t<div class=\"elementor-tab-title elementor-tab-mobile-title\" aria-selected=\"false\" data-tab=\"2\" role=\"tab\" tabindex=\"-1\" aria-controls=\"elementor-tab-content-2162\" aria-expanded=\"false\">JAFRA<\/div>\n\t\t\t\t\t<div id=\"elementor-tab-content-2162\" class=\"elementor-tab-content elementor-clearfix\" data-tab=\"2\" role=\"tabpanel\" aria-labelledby=\"elementor-tab-title-2162\" tabindex=\"0\" hidden=\"hidden\"><h2><img decoding=\"async\" loading=\"lazy\" class=\"alignleft size-full wp-image-595\" src=\"http:\/\/tecnides.com\/wp-content\/uploads\/2019\/04\/BI-Jafra.png\" alt=\"\" width=\"144\" height=\"125\" \/>Participaci\u00f3n en el desarrollo del sistema de obtenci\u00f3n de:<\/h2><p>\u00a0<\/p><p>\u00a0<\/p><hr \/><ul><li><strong>KPI\u00b4sVentas.<\/strong><ul><li>An\u00e1lisis (LaddyMaster)<\/li><li>Herramienta OLAP<\/li><li>COGNOS<\/li><\/ul><\/li><li><strong>Bases de Datos<\/strong><ul><li>Transaccional: AS\/400<\/li><\/ul><\/li><\/ul><\/div>\n\t\t\t\t\t\t\t\t\t<div class=\"elementor-tab-title elementor-tab-mobile-title\" aria-selected=\"false\" data-tab=\"3\" role=\"tab\" tabindex=\"-1\" aria-controls=\"elementor-tab-content-2163\" aria-expanded=\"false\">Grupo ELEKTRA<\/div>\n\t\t\t\t\t<div id=\"elementor-tab-content-2163\" class=\"elementor-tab-content elementor-clearfix\" data-tab=\"3\" role=\"tabpanel\" aria-labelledby=\"elementor-tab-title-2163\" tabindex=\"0\" hidden=\"hidden\"><h2><img decoding=\"async\" loading=\"lazy\" class=\"alignleft size-full wp-image-591\" src=\"http:\/\/tecnides.com\/wp-content\/uploads\/2019\/04\/BI-Elecktra.png\" alt=\"\" width=\"146\" height=\"114\" \/>Participaci\u00f3n en el desarrollo del sistema\u00a0 llamado \u201cProductividad por Tienda\u201d<\/h2><p>\u00a0<\/p><hr \/><p>Herramienta de desarrollo: MDX<\/p><ul><li><strong>Bases de Datos<\/strong><ul><li>Transaccional: SQL Server<\/li><\/ul><\/li><li><strong>ETL<\/strong><ul><li>Informatica Power Center<\/li><\/ul><\/li><\/ul><\/div>\n\t\t\t\t\t\t\t\t\t<div class=\"elementor-tab-title elementor-tab-mobile-title\" aria-selected=\"false\" data-tab=\"4\" role=\"tab\" tabindex=\"-1\" aria-controls=\"elementor-tab-content-2164\" aria-expanded=\"false\">FULLER<\/div>\n\t\t\t\t\t<div id=\"elementor-tab-content-2164\" class=\"elementor-tab-content elementor-clearfix\" data-tab=\"4\" role=\"tabpanel\" aria-labelledby=\"elementor-tab-title-2164\" tabindex=\"0\" hidden=\"hidden\"><h2><img decoding=\"async\" loading=\"lazy\" class=\"alignleft size-full wp-image-592\" src=\"http:\/\/tecnides.com\/wp-content\/uploads\/2019\/04\/BI-Fuller.png\" alt=\"\" width=\"122\" height=\"105\" \/>Se particip\u00f3 en el desarrollo del sistema que permite elaborar:<\/h2><p>\u00a0<\/p><p>\u00a0<\/p><hr \/><ul><li><strong>KPI\u00b4sVentas<\/strong><\/li><li><strong>An\u00e1lisisFullerette<\/strong><\/li><li><strong>Herramienta OLAP<\/strong><ul><li>Cognos<\/li><\/ul><\/li><li><strong>Bases de Datos<\/strong><ul><li>Transaccional: AS\/400<\/li><\/ul><\/li><\/ul><\/div>\n\t\t\t\t\t\t\t\t\t<div class=\"elementor-tab-title elementor-tab-mobile-title\" aria-selected=\"false\" data-tab=\"5\" role=\"tab\" tabindex=\"-1\" aria-controls=\"elementor-tab-content-2165\" aria-expanded=\"false\">CONSAR<\/div>\n\t\t\t\t\t<div id=\"elementor-tab-content-2165\" class=\"elementor-tab-content elementor-clearfix\" data-tab=\"5\" role=\"tabpanel\" aria-labelledby=\"elementor-tab-title-2165\" tabindex=\"0\" hidden=\"hidden\"><h2><img decoding=\"async\" loading=\"lazy\" class=\"alignleft size-full wp-image-590\" src=\"http:\/\/tecnides.com\/wp-content\/uploads\/2019\/04\/BI-Consar.png\" alt=\"\" width=\"130\" height=\"99\" \/>Se particip\u00f3 en el desarrollo del sistema para recibir la informaci\u00f3n de las AFORES<\/h2><p>\u00a0<\/p><hr \/><p>\u00a0<\/p><p>Se particip\u00f3 en el desarrollo del sistema para recibir la informaci\u00f3n de las AFORES. en un total de 21 archivos que permite a la CONSAR hacer funciones de evaluaci\u00f3n de informaci\u00f3n y sanci\u00f3n por incumplimiento de las regulaciones vigentes.<\/p><ul><li><strong>Herramienta OLAP y ETL<\/strong><ul><li>SAGENT<\/li><\/ul><\/li><li><strong>Bases de Datos:<\/strong><ul><li>Transaccional:Sybase<\/li><li>Multidimensional:RedBrick(IBM)<\/li><\/ul><\/li><\/ul><\/div>\n\t\t\t\t\t\t\t\t\t<div class=\"elementor-tab-title elementor-tab-mobile-title\" aria-selected=\"false\" data-tab=\"6\" role=\"tab\" tabindex=\"-1\" aria-controls=\"elementor-tab-content-2166\" aria-expanded=\"false\">IXE Banco<\/div>\n\t\t\t\t\t<div id=\"elementor-tab-content-2166\" class=\"elementor-tab-content elementor-clearfix\" data-tab=\"6\" role=\"tabpanel\" aria-labelledby=\"elementor-tab-title-2166\" tabindex=\"0\" hidden=\"hidden\"><h2><img decoding=\"async\" loading=\"lazy\" class=\"alignleft size-full wp-image-594\" src=\"http:\/\/tecnides.com\/wp-content\/uploads\/2019\/04\/BI-IXE.png\" alt=\"\" width=\"223\" height=\"81\" \/>Se particip\u00f3 en el desarrollo del sistema para la obtenci\u00f3n de:KPI\u00b4s Planeaci\u00f3n y Ejecuci\u00f3n presupuestal<\/h2><p>\u00a0<\/p><hr \/><ul><li><strong>Captaci\u00f3n y Colocaci\u00f3n en nuevos productos<\/strong><\/li><li><strong>Herramienta<\/strong>\u00a0<ul><li>BusinessObjects<\/li><\/ul><\/li><li><strong>Bases de Datos<\/strong><ul><li>Transaccional:\u00a0Sybase<\/li><\/ul><\/li><\/ul><\/div>\n\t\t\t\t\t\t\t\t\t<div class=\"elementor-tab-title elementor-tab-mobile-title\" aria-selected=\"false\" data-tab=\"7\" role=\"tab\" tabindex=\"-1\" aria-controls=\"elementor-tab-content-2167\" aria-expanded=\"false\">GNP Seguros<\/div>\n\t\t\t\t\t<div id=\"elementor-tab-content-2167\" class=\"elementor-tab-content elementor-clearfix\" data-tab=\"7\" role=\"tabpanel\" aria-labelledby=\"elementor-tab-title-2167\" tabindex=\"0\" hidden=\"hidden\"><h2><img decoding=\"async\" loading=\"lazy\" class=\"alignleft size-full wp-image-593\" src=\"http:\/\/tecnides.com\/wp-content\/uploads\/2019\/04\/BI-GNP.png\" alt=\"\" width=\"174\" height=\"103\" \/>Se participio en el desarrollo de \u00a0Data Warehouse (Gastos M\u00e9dicos Mayores)<\/h2><p>\u00a0<\/p><hr \/><ul><li><strong>Herramienta OLAP<\/strong><ul><li>SAS<\/li><\/ul><\/li><li><strong>Bases de Datos<\/strong><ul><li>Transaccional<\/li><\/ul><\/li><li><strong>ETL<\/strong><ul><li>Programas Natural<\/li><\/ul><\/li><\/ul><div>\u00a0<\/div><\/div>\n\t\t\t\t\t\t\t<\/div>\n\t\t<\/div>\n\t\t\t\t<\/div>\n\t\t\t\t<\/div>\n\t\t\t\t<div class=\"elementor-element elementor-element-264da1d elementor-widget-divider--view-line elementor-widget elementor-widget-divider\" data-id=\"264da1d\" data-element_type=\"widget\" data-widget_type=\"divider.default\">\n\t\t\t\t<div class=\"elementor-widget-container\">\n\t\t\t\t\t<div class=\"elementor-divider\">\n\t\t\t<span class=\"elementor-divider-separator\">\n\t\t\t\t\t\t<\/span>\n\t\t<\/div>\n\t\t\t\t<\/div>\n\t\t\t\t<\/div>\n\t\t\t\t\t<\/div>\n\t\t<\/div>\n\t\t\t\t\t\t\t<\/div>\n\t\t<\/div>\n\t\t\t\t\t\t\t<\/div>\n\t\t","protected":false},"excerpt":{"rendered":"<p>Proyectos BI En Tecnides hemos trabajado en varios proyectos de Inteligencia de Negocio (BI)\u00a0con diversas herramientas tecnol\u00f3gicas y bases de datos Herramientas OLAP &#8211; ETL \u2022 QlikView\u00a0\u2022 Cognos\u00a0\u2022 SAS\u00a0\u2022 Sagent\u00a0\u2022 MDX\u00a0\u2022 Hyperion\u00a0\u2022 Informatica Bases de datos Transaccionales \u2022 Sybase\u00a0\u2022 AS400\u00a0\u2022 SQL Server\u00a0\u2022 ORACLE Bases de datos Multidimencionales \u2022Redbrickde IBM SAT JAFRA Grupo ELEKTRA FULLER CONSAR<\/p>\n","protected":false},"author":1,"featured_media":0,"parent":0,"menu_order":0,"comment_status":"closed","ping_status":"closed","template":"","meta":{"footnotes":""},"_links":{"self":[{"href":"https:\/\/tecnides.com\/index.php?rest_route=\/wp\/v2\/pages\/176"}],"collection":[{"href":"https:\/\/tecnides.com\/index.php?rest_route=\/wp\/v2\/pages"}],"about":[{"href":"https:\/\/tecnides.com\/index.php?rest_route=\/wp\/v2\/types\/page"}],"author":[{"embeddable":true,"href":"https:\/\/tecnides.com\/index.php?rest_route=\/wp\/v2\/users\/1"}],"replies":[{"embeddable":true,"href":"https:\/\/tecnides.com\/index.php?rest_route=%2Fwp%2Fv2%2Fcomments&post=176"}],"version-history":[{"count":38,"href":"https:\/\/tecnides.com\/index.php?rest_route=\/wp\/v2\/pages\/176\/revisions"}],"predecessor-version":[{"id":622,"href":"https:\/\/tecnides.com\/index.php?rest_route=\/wp\/v2\/pages\/176\/revisions\/622"}],"wp:attachment":[{"href":"https:\/\/tecnides.com\/index.php?rest_route=%2Fwp%2Fv2%2Fmedia&parent=176"}],"curies":[{"name":"wp","href":"https:\/\/api.w.org\/{rel}","templated":true}]}}