{"id":498,"date":"2019-04-05T04:16:59","date_gmt":"2019-04-05T04:16:59","guid":{"rendered":"http:\/\/tecnides.com\/?page_id=498"},"modified":"2019-04-05T04:52:54","modified_gmt":"2019-04-05T04:52:54","slug":"vision","status":"publish","type":"page","link":"https:\/\/tecnides.com\/?page_id=498","title":{"rendered":"Visi\u00f3n"},"content":{"rendered":"\t\t<div data-elementor-type=\"wp-post\" data-elementor-id=\"498\" class=\"elementor elementor-498\" data-elementor-post-type=\"page\">\n\t\t\t\t\t\t\t\t\t<section class=\"elementor-section elementor-top-section elementor-element elementor-element-56a6f4a elementor-section-boxed elementor-section-height-default elementor-section-height-default\" data-id=\"56a6f4a\" data-element_type=\"section\">\n\t\t\t\t\t\t<div class=\"elementor-container elementor-column-gap-default\">\n\t\t\t\t\t<div class=\"elementor-column elementor-col-100 elementor-top-column elementor-element elementor-element-a434c36\" data-id=\"a434c36\" data-element_type=\"column\">\n\t\t\t<div class=\"elementor-widget-wrap elementor-element-populated\">\n\t\t\t\t\t\t\t\t<section class=\"elementor-section elementor-inner-section elementor-element elementor-element-75e716b elementor-section-boxed elementor-section-height-default elementor-section-height-default\" data-id=\"75e716b\" data-element_type=\"section\">\n\t\t\t\t\t\t<div class=\"elementor-container elementor-column-gap-default\">\n\t\t\t\t\t<div class=\"elementor-column elementor-col-50 elementor-inner-column elementor-element elementor-element-c67b024\" data-id=\"c67b024\" data-element_type=\"column\">\n\t\t\t<div class=\"elementor-widget-wrap elementor-element-populated\">\n\t\t\t\t\t\t\t\t<div class=\"elementor-element elementor-element-7cc0818 elementor-widget elementor-widget-heading\" data-id=\"7cc0818\" data-element_type=\"widget\" data-widget_type=\"heading.default\">\n\t\t\t\t<div class=\"elementor-widget-container\">\n\t\t\t<h2 class=\"elementor-heading-title elementor-size-default\">Visi\u00f3n<\/h2>\t\t<\/div>\n\t\t\t\t<\/div>\n\t\t\t\t<div class=\"elementor-element elementor-element-0c05968 elementor-widget elementor-widget-heading\" data-id=\"0c05968\" data-element_type=\"widget\" data-widget_type=\"heading.default\">\n\t\t\t\t<div class=\"elementor-widget-container\">\n\t\t\t<h2 class=\"elementor-heading-title elementor-size-default\">Nuestra Visi\u00f3n<\/h2>\t\t<\/div>\n\t\t\t\t<\/div>\n\t\t\t\t<div class=\"elementor-element elementor-element-24e703b elementor-widget elementor-widget-text-editor\" data-id=\"24e703b\" data-element_type=\"widget\" data-widget_type=\"text-editor.default\">\n\t\t\t\t<div class=\"elementor-widget-container\">\n\t\t\t\t\t\t\t<p>Generar el talento tecnol\u00f3gico que agilice los procesos de negocio y empodere a nuestros clientes.&nbsp;<\/p>\n<p>Fortalecer e incrementar nuestras sociedades de negocio estrat\u00e9gicas.<\/p>\n<p>Implementar m\u00e9todos y procedimientos innovadores en nuestra organizaci\u00f3n y soportados por la certificaci\u00f3n y el conocimiento de nuestros colaboradores.<\/p><p><br><\/p>\t\t\t\t\t\t<\/div>\n\t\t\t\t<\/div>\n\t\t\t\t<div class=\"elementor-element elementor-element-b9a746b elementor-button-default elementor-widget elementor-widget-opal-button\" data-id=\"b9a746b\" data-element_type=\"widget\" data-widget_type=\"opal-button.default\">\n\t\t\t\t<div class=\"elementor-widget-container\">\n\t\t\t\t\t<div class=\"elementor-button-wrapper\">\n\t\t\t<a href=\"#\" class=\"elementor-button-link elementor-button elementor-size-sm\" role=\"button\">\n\t\t\t\t\t\t<span class=\"elementor-button-content-wrapper\">\n\t\t\t\t\t\t<span class=\"elementor-button-text\">Ver nuestros proyectos<\/span>\n\t\t<\/span>\n\t\t\t\t\t<\/a>\n\t\t<\/div>\n\t\t\t\t<\/div>\n\t\t\t\t<\/div>\n\t\t\t\t\t<\/div>\n\t\t<\/div>\n\t\t\t\t<div class=\"elementor-column elementor-col-50 elementor-inner-column elementor-element elementor-element-4046cbd\" data-id=\"4046cbd\" data-element_type=\"column\">\n\t\t\t<div class=\"elementor-widget-wrap elementor-element-populated\">\n\t\t\t\t\t\t\t\t<div class=\"elementor-element elementor-element-2079207 elementor-widget elementor-widget-image\" data-id=\"2079207\" data-element_type=\"widget\" data-widget_type=\"image.default\">\n\t\t\t\t<div class=\"elementor-widget-container\">\n\t\t\t\t\t\t\t\t\t\t\t\t\t\t\t<img decoding=\"async\" loading=\"lazy\" width=\"640\" height=\"506\" src=\"https:\/\/tecnides.com\/wp-content\/uploads\/2019\/02\/caselist01.jpg\" class=\"attachment-large size-large wp-image-113\" alt=\"\" srcset=\"https:\/\/tecnides.com\/wp-content\/uploads\/2019\/02\/caselist01.jpg 645w, https:\/\/tecnides.com\/wp-content\/uploads\/2019\/02\/caselist01-544x430.jpg 544w\" sizes=\"(max-width: 640px) 100vw, 640px\" \/>\t\t\t\t\t\t\t\t\t\t\t\t\t\t\t<\/div>\n\t\t\t\t<\/div>\n\t\t\t\t\t<\/div>\n\t\t<\/div>\n\t\t\t\t\t\t\t<\/div>\n\t\t<\/section>\n\t\t\t\t\t<\/div>\n\t\t<\/div>\n\t\t\t\t\t\t\t<\/div>\n\t\t<\/section>\n\t\t\t\t\t\t\t<\/div>\n\t\t","protected":false},"excerpt":{"rendered":"<p>Visi\u00f3n Nuestra Visi\u00f3n Generar el talento tecnol\u00f3gico que agilice los procesos de negocio y empodere a nuestros clientes.&nbsp; Fortalecer e incrementar nuestras sociedades de negocio estrat\u00e9gicas. Implementar m\u00e9todos y procedimientos innovadores en nuestra organizaci\u00f3n y soportados por la certificaci\u00f3n y el conocimiento de nuestros colaboradores. Ver nuestros proyectos<\/p>\n","protected":false},"author":1,"featured_media":0,"parent":0,"menu_order":0,"comment_status":"closed","ping_status":"closed","template":"","meta":{"footnotes":""},"_links":{"self":[{"href":"https:\/\/tecnides.com\/index.php?rest_route=\/wp\/v2\/pages\/498"}],"collection":[{"href":"https:\/\/tecnides.com\/index.php?rest_route=\/wp\/v2\/pages"}],"about":[{"href":"https:\/\/tecnides.com\/index.php?rest_route=\/wp\/v2\/types\/page"}],"author":[{"embeddable":true,"href":"https:\/\/tecnides.com\/index.php?rest_route=\/wp\/v2\/users\/1"}],"replies":[{"embeddable":true,"href":"https:\/\/tecnides.com\/index.php?rest_route=%2Fwp%2Fv2%2Fcomments&post=498"}],"version-history":[{"count":6,"href":"https:\/\/tecnides.com\/index.php?rest_route=\/wp\/v2\/pages\/498\/revisions"}],"predecessor-version":[{"id":521,"href":"https:\/\/tecnides.com\/index.php?rest_route=\/wp\/v2\/pages\/498\/revisions\/521"}],"wp:attachment":[{"href":"https:\/\/tecnides.com\/index.php?rest_route=%2Fwp%2Fv2%2Fmedia&parent=498"}],"curies":[{"name":"wp","href":"https:\/\/api.w.org\/{rel}","templated":true}]}}