{"id":638,"date":"2019-04-07T20:26:12","date_gmt":"2019-04-08T02:26:12","guid":{"rendered":"http:\/\/tecnides.com\/?page_id=638"},"modified":"2019-04-07T20:47:21","modified_gmt":"2019-04-08T02:47:21","slug":"tecnologia-movil","status":"publish","type":"page","link":"https:\/\/tecnides.com\/?page_id=638","title":{"rendered":"Tecnolog\u00eda M\u00f3vil"},"content":{"rendered":"\t\t<div data-elementor-type=\"wp-post\" data-elementor-id=\"638\" class=\"elementor elementor-638\" data-elementor-post-type=\"page\">\n\t\t\t\t\t\t\t\t\t<div class=\"elementor-section elementor-top-section elementor-element elementor-element-26fcb97 elementor-section-stretched elementor-section-content-middle elementor-section-boxed elementor-section-height-default elementor-section-height-default\" data-id=\"26fcb97\" data-element_type=\"section\" data-settings=\"{&quot;stretch_section&quot;:&quot;section-stretched&quot;,&quot;background_background&quot;:&quot;classic&quot;}\">\n\t\t\t\t\t\t<div class=\"elementor-container elementor-column-gap-no\">\n\t\t\t\t\t<div class=\"elementor-column elementor-col-100 elementor-top-column elementor-element elementor-element-e8aeef6\" data-id=\"e8aeef6\" data-element_type=\"column\">\n\t\t\t<div class=\"elementor-widget-wrap elementor-element-populated\">\n\t\t\t\t\t\t\t\t<div class=\"elementor-element elementor-element-f5cc37c elementor-widget elementor-widget-text-editor\" data-id=\"f5cc37c\" data-element_type=\"widget\" data-widget_type=\"text-editor.default\">\n\t\t\t\t<div class=\"elementor-widget-container\">\n\t\t\t\t\t\t\t<p>Casos de \u00e9xito<\/p>\t\t\t\t\t\t<\/div>\n\t\t\t\t<\/div>\n\t\t\t\t<div class=\"elementor-element elementor-element-8232695 elementor-widget elementor-widget-heading\" data-id=\"8232695\" data-element_type=\"widget\" data-widget_type=\"heading.default\">\n\t\t\t\t<div class=\"elementor-widget-container\">\n\t\t\t<h2 class=\"elementor-heading-title elementor-size-default\">Tecnolog\u00eda M\u00f3vil<\/h2>\t\t<\/div>\n\t\t\t\t<\/div>\n\t\t\t\t<div class=\"elementor-element elementor-element-e0101b0 elementor-widget elementor-widget-text-editor\" data-id=\"e0101b0\" data-element_type=\"widget\" data-widget_type=\"text-editor.default\">\n\t\t\t\t<div class=\"elementor-widget-container\">\n\t\t\t\t\t\t\t<p>Tecnides es una empresa con 8 a\u00f1os de experiencia en desarrollos para dispositivos m\u00f3viles, nos especializamos en aplicaciones corporativas de alta complejidad.<\/p>\t\t\t\t\t\t<\/div>\n\t\t\t\t<\/div>\n\t\t\t\t\t<\/div>\n\t\t<\/div>\n\t\t\t\t\t\t\t<\/div>\n\t\t<\/div>\n\t\t\t\t<div class=\"elementor-section elementor-top-section elementor-element elementor-element-7959307 elementor-section-stretched elementor-section-boxed elementor-section-height-default elementor-section-height-default\" data-id=\"7959307\" data-element_type=\"section\" data-settings=\"{&quot;stretch_section&quot;:&quot;section-stretched&quot;}\">\n\t\t\t\t\t\t<div class=\"elementor-container elementor-column-gap-no\">\n\t\t\t\t\t<div class=\"elementor-column elementor-col-100 elementor-top-column elementor-element elementor-element-7d568e6\" data-id=\"7d568e6\" data-element_type=\"column\" data-settings=\"{&quot;background_background&quot;:&quot;classic&quot;}\">\n\t\t\t<div class=\"elementor-widget-wrap elementor-element-populated\">\n\t\t\t\t\t\t\t\t<div class=\"elementor-section elementor-inner-section elementor-element elementor-element-9615e85 elementor-section-full_width elementor-section-height-default elementor-section-height-default\" data-id=\"9615e85\" data-element_type=\"section\">\n\t\t\t\t\t\t<div class=\"elementor-container elementor-column-gap-no\">\n\t\t\t\t\t<div class=\"elementor-column elementor-col-50 elementor-inner-column elementor-element elementor-element-3505807\" data-id=\"3505807\" data-element_type=\"column\">\n\t\t\t<div class=\"elementor-widget-wrap elementor-element-populated\">\n\t\t\t\t\t\t\t\t<div class=\"elementor-element elementor-element-3d8ca3c elementor-widget elementor-widget-image\" data-id=\"3d8ca3c\" data-element_type=\"widget\" data-widget_type=\"image.default\">\n\t\t\t\t<div class=\"elementor-widget-container\">\n\t\t\t\t\t\t\t\t\t\t\t\t\t\t\t<img decoding=\"async\" loading=\"lazy\" width=\"480\" height=\"270\" src=\"https:\/\/tecnides.com\/wp-content\/uploads\/2019\/04\/Mobile_Logo.jpg\" class=\"attachment-large size-large wp-image-570\" alt=\"\" \/>\t\t\t\t\t\t\t\t\t\t\t\t\t\t\t<\/div>\n\t\t\t\t<\/div>\n\t\t\t\t\t<\/div>\n\t\t<\/div>\n\t\t\t\t<div class=\"elementor-column elementor-col-50 elementor-inner-column elementor-element elementor-element-ef0dd0c\" data-id=\"ef0dd0c\" data-element_type=\"column\" data-settings=\"{&quot;background_background&quot;:&quot;classic&quot;}\">\n\t\t\t<div class=\"elementor-widget-wrap elementor-element-populated\">\n\t\t\t\t\t\t\t\t<div class=\"elementor-element elementor-element-a3ff0d7 elementor-invisible elementor-widget elementor-widget-heading\" data-id=\"a3ff0d7\" data-element_type=\"widget\" data-settings=\"{&quot;_animation&quot;:&quot;fadeInUp&quot;}\" data-widget_type=\"heading.default\">\n\t\t\t\t<div class=\"elementor-widget-container\">\n\t\t\t<h2 class=\"elementor-heading-title elementor-size-default\">Dispositivos Tecnol\u00f3gicos<\/h2>\t\t<\/div>\n\t\t\t\t<\/div>\n\t\t\t\t<div class=\"elementor-element elementor-element-0bb16aa elementor-widget elementor-widget-text-editor\" data-id=\"0bb16aa\" data-element_type=\"widget\" data-widget_type=\"text-editor.default\">\n\t\t\t\t<div class=\"elementor-widget-container\">\n\t\t\t\t\t\t\t<div>\u2022iOS (iPod, iPad, iPhone)<\/div><div>\u2022Android (Samsung, HTC, LG, Sony, etc)<\/div><div>\u2022Windows Phone (Nokia, HTC, etc)<\/div><div>\u2022RIM (BlackBerry)<\/div>\t\t\t\t\t\t<\/div>\n\t\t\t\t<\/div>\n\t\t\t\t<div class=\"elementor-element elementor-element-e2998a6 elementor-widget elementor-widget-heading\" data-id=\"e2998a6\" data-element_type=\"widget\" data-widget_type=\"heading.default\">\n\t\t\t\t<div class=\"elementor-widget-container\">\n\t\t\t<h2 class=\"elementor-heading-title elementor-size-default\">Tecnolog\u00edas de desarrollo<\/h2>\t\t<\/div>\n\t\t\t\t<\/div>\n\t\t\t\t<div class=\"elementor-element elementor-element-5e9d5d5 elementor-widget elementor-widget-text-editor\" data-id=\"5e9d5d5\" data-element_type=\"widget\" data-widget_type=\"text-editor.default\">\n\t\t\t\t<div class=\"elementor-widget-container\">\n\t\t\t\t\t\t\t<div>\u2022Worklight<\/div><div>\u2022Xcode<\/div><div>\u2022Visual Studio<\/div><div>\u2022Eclipse<\/div><div>\u2022Java<\/div><div>\u2022C++<\/div><div>\u2022C#<\/div><div>\u2022Xamarin<br \/>\u2022Redbrickde IBM<\/div>\t\t\t\t\t\t<\/div>\n\t\t\t\t<\/div>\n\t\t\t\t<div class=\"elementor-element elementor-element-b90ba64 elementor-widget elementor-widget-heading\" data-id=\"b90ba64\" data-element_type=\"widget\" data-widget_type=\"heading.default\">\n\t\t\t\t<div class=\"elementor-widget-container\">\n\t\t\t<h2 class=\"elementor-heading-title elementor-size-default\">Principales clientes<\/h2>\t\t<\/div>\n\t\t\t\t<\/div>\n\t\t\t\t<div class=\"elementor-element elementor-element-3f65f16 elementor-widget elementor-widget-image\" data-id=\"3f65f16\" data-element_type=\"widget\" data-widget_type=\"image.default\">\n\t\t\t\t<div class=\"elementor-widget-container\">\n\t\t\t\t\t\t\t\t\t\t\t\t\t\t\t<img decoding=\"async\" loading=\"lazy\" width=\"408\" height=\"433\" src=\"https:\/\/tecnides.com\/wp-content\/uploads\/2019\/04\/Tecnologia-Movil.png\" class=\"attachment-large size-large wp-image-648\" alt=\"\" srcset=\"https:\/\/tecnides.com\/wp-content\/uploads\/2019\/04\/Tecnologia-Movil.png 408w, https:\/\/tecnides.com\/wp-content\/uploads\/2019\/04\/Tecnologia-Movil-405x430.png 405w\" sizes=\"(max-width: 408px) 100vw, 408px\" \/>\t\t\t\t\t\t\t\t\t\t\t\t\t\t\t<\/div>\n\t\t\t\t<\/div>\n\t\t\t\t<div class=\"elementor-element elementor-element-f9fa0a1 elementor-widget elementor-widget-text-editor\" data-id=\"f9fa0a1\" data-element_type=\"widget\" data-widget_type=\"text-editor.default\">\n\t\t\t\t<div class=\"elementor-widget-container\">\n\t\t\t\t\t\t\t\t\t\t\t\t\t<\/div>\n\t\t\t\t<\/div>\n\t\t\t\t\t<\/div>\n\t\t<\/div>\n\t\t\t\t\t\t\t<\/div>\n\t\t<\/div>\n\t\t\t\t<div class=\"elementor-element elementor-element-264da1d elementor-widget-divider--view-line elementor-widget elementor-widget-divider\" data-id=\"264da1d\" data-element_type=\"widget\" data-widget_type=\"divider.default\">\n\t\t\t\t<div class=\"elementor-widget-container\">\n\t\t\t\t\t<div class=\"elementor-divider\">\n\t\t\t<span class=\"elementor-divider-separator\">\n\t\t\t\t\t\t<\/span>\n\t\t<\/div>\n\t\t\t\t<\/div>\n\t\t\t\t<\/div>\n\t\t\t\t\t<\/div>\n\t\t<\/div>\n\t\t\t\t\t\t\t<\/div>\n\t\t<\/div>\n\t\t\t\t\t\t\t<\/div>\n\t\t","protected":false},"excerpt":{"rendered":"<p>Casos de \u00e9xito Tecnolog\u00eda M\u00f3vil Tecnides es una empresa con 8 a\u00f1os de experiencia en desarrollos para dispositivos m\u00f3viles, nos especializamos en aplicaciones corporativas de alta complejidad. Dispositivos Tecnol\u00f3gicos \u2022iOS (iPod, iPad, iPhone)\u2022Android (Samsung, HTC, LG, Sony, etc)\u2022Windows Phone (Nokia, HTC, etc)\u2022RIM (BlackBerry) Tecnolog\u00edas de desarrollo \u2022Worklight\u2022Xcode\u2022Visual Studio\u2022Eclipse\u2022Java\u2022C++\u2022C#\u2022Xamarin \u2022Redbrickde IBM Principales clientes<\/p>\n","protected":false},"author":1,"featured_media":0,"parent":0,"menu_order":0,"comment_status":"closed","ping_status":"closed","template":"","meta":{"footnotes":""},"_links":{"self":[{"href":"https:\/\/tecnides.com\/index.php?rest_route=\/wp\/v2\/pages\/638"}],"collection":[{"href":"https:\/\/tecnides.com\/index.php?rest_route=\/wp\/v2\/pages"}],"about":[{"href":"https:\/\/tecnides.com\/index.php?rest_route=\/wp\/v2\/types\/page"}],"author":[{"embeddable":true,"href":"https:\/\/tecnides.com\/index.php?rest_route=\/wp\/v2\/users\/1"}],"replies":[{"embeddable":true,"href":"https:\/\/tecnides.com\/index.php?rest_route=%2Fwp%2Fv2%2Fcomments&post=638"}],"version-history":[{"count":10,"href":"https:\/\/tecnides.com\/index.php?rest_route=\/wp\/v2\/pages\/638\/revisions"}],"predecessor-version":[{"id":650,"href":"https:\/\/tecnides.com\/index.php?rest_route=\/wp\/v2\/pages\/638\/revisions\/650"}],"wp:attachment":[{"href":"https:\/\/tecnides.com\/index.php?rest_route=%2Fwp%2Fv2%2Fmedia&parent=638"}],"curies":[{"name":"wp","href":"https:\/\/api.w.org\/{rel}","templated":true}]}}